{"id":2827,"date":"2025-10-27T08:58:38","date_gmt":"2025-10-27T06:58:38","guid":{"rendered":"https:\/\/wehes.com\/noderigi-resursi\/"},"modified":"2025-11-24T21:07:40","modified_gmt":"2025-11-24T19:07:40","slug":"noderigi-resursi","status":"publish","type":"page","link":"https:\/\/wehes.com\/lv\/noderigi-resursi\/","title":{"rendered":"Noder\u012bgi resursi"},"content":{"rendered":"\t\t<div data-elementor-type=\"wp-page\" data-elementor-id=\"2827\" class=\"elementor elementor-2827 elementor-2767\" data-elementor-post-type=\"page\">\n\t\t\t\t<div class=\"elementor-element elementor-element-844fc6a e-flex e-con-boxed e-con e-parent\" data-id=\"844fc6a\" data-element_type=\"container\" data-e-type=\"container\" data-settings=\"{&quot;background_background&quot;:&quot;classic&quot;}\">\n\t\t\t\t\t<div class=\"e-con-inner\">\n\t\t<div class=\"elementor-element elementor-element-d36e92a e-flex e-con-boxed e-con e-child\" data-id=\"d36e92a\" data-element_type=\"container\" data-e-type=\"container\">\n\t\t\t\t\t<div class=\"e-con-inner\">\n\t\t<div class=\"elementor-element elementor-element-1d1bd49 e-con-full e-flex e-con e-child\" data-id=\"1d1bd49\" data-element_type=\"container\" data-e-type=\"container\">\n\t\t\t\t<div class=\"elementor-element elementor-element-a56ae4d elementor-widget elementor-widget-heading\" data-id=\"a56ae4d\" data-element_type=\"widget\" data-e-type=\"widget\" data-widget_type=\"heading.default\">\n\t\t\t\t<div class=\"elementor-widget-container\">\n\t\t\t\t\t<h1 class=\"elementor-heading-title elementor-size-default\">Noder\u012bgi resursi<\/h1>\t\t\t\t<\/div>\n\t\t\t\t<\/div>\n\t\t\t\t<div class=\"elementor-element elementor-element-dadc4ac elementor-align-start elementor-icon-list--layout-inline elementor-mobile-align-center elementor-list-item-link-full_width elementor-widget elementor-widget-icon-list\" data-id=\"dadc4ac\" data-element_type=\"widget\" data-e-type=\"widget\" data-widget_type=\"icon-list.default\">\n\t\t\t\t<div class=\"elementor-widget-container\">\n\t\t\t\t\t\t\t<ul class=\"elementor-icon-list-items elementor-inline-items\">\n\t\t\t\t\t\t\t<li class=\"elementor-icon-list-item elementor-inline-item\">\n\t\t\t\t\t\t\t\t\t\t<span class=\"elementor-icon-list-text\">S\u0101kums<\/span>\n\t\t\t\t\t\t\t\t\t<\/li>\n\t\t\t\t\t\t\t\t<li class=\"elementor-icon-list-item elementor-inline-item\">\n\t\t\t\t\t\t\t\t\t\t\t<span class=\"elementor-icon-list-icon\">\n\t\t\t\t\t\t\t<i aria-hidden=\"true\" class=\"jki jki-chevron-right-line\"><\/i>\t\t\t\t\t\t<\/span>\n\t\t\t\t\t\t\t\t\t\t<span class=\"elementor-icon-list-text\">Resursi<\/span>\n\t\t\t\t\t\t\t\t\t<\/li>\n\t\t\t\t\t\t<\/ul>\n\t\t\t\t\t\t<\/div>\n\t\t\t\t<\/div>\n\t\t\t\t<\/div>\n\t\t<div class=\"elementor-element elementor-element-5ef7444 e-con-full e-flex e-con e-child\" data-id=\"5ef7444\" data-element_type=\"container\" data-e-type=\"container\">\n\t\t\t\t<div class=\"elementor-element elementor-element-afde365 elementor-widget__width-auto elementor-widget-mobile__width-inherit elementor-widget elementor-widget-jkit_heading\" data-id=\"afde365\" data-element_type=\"widget\" data-e-type=\"widget\" data-widget_type=\"jkit_heading.default\">\n\t\t\t\t<div class=\"elementor-widget-container\">\n\t\t\t\t\t<div  class=\"jeg-elementor-kit jkit-heading  align-left align-tablet- align-mobile-center jeg_module___69ff288dd7c34\" ><div class=\"heading-section-title  display-inline\"><h2 class=\"heading-title\">P\u0101rdo\u0161ana k\u013c\u016bst vienk\u0101r\u0161\u0101ka, ja ir <span class=\"style-color\"><span>pareizie r\u012bki.<\/span><\/span> \u0160eit atrad\u012bsi praktiskus resursus un veidnes, kas pal\u012bdz sak\u0101rtot procesu un sasniegt rezult\u0101tus \u0101tr\u0101k. <span class=\"style-color\"><span>Gatavas veidnes, \u010deklisti un skripti,<\/span><\/span> kurus izmantojam ikdien\u0101.<\/h2><\/div><\/div>\t\t\t\t<\/div>\n\t\t\t\t<\/div>\n\t\t\t\t<\/div>\n\t\t\t\t\t<\/div>\n\t\t\t\t<\/div>\n\t\t\t\t\t<\/div>\n\t\t\t\t<\/div>\n\t\t<div class=\"elementor-element elementor-element-c34e538 e-flex e-con-boxed e-con e-parent\" data-id=\"c34e538\" data-element_type=\"container\" data-e-type=\"container\" data-settings=\"{&quot;background_background&quot;:&quot;gradient&quot;}\">\n\t\t\t\t\t<div class=\"e-con-inner\">\n\t\t<div class=\"elementor-element elementor-element-3ef5243 e-con-full e-flex e-con e-child\" data-id=\"3ef5243\" data-element_type=\"container\" data-e-type=\"container\">\n\t\t\t\t<div class=\"elementor-element elementor-element-dd940ef elementor-widget elementor-widget-shortcode\" data-id=\"dd940ef\" data-element_type=\"widget\" data-e-type=\"widget\" data-widget_type=\"shortcode.default\">\n\t\t\t\t<div class=\"elementor-widget-container\">\n\t\t\t\t\t\t\t<div class=\"elementor-shortcode\">  <style>\n    .kd-res-card{background:#fff;border:1px solid #C9CACC;border-radius:20px;padding:20px;display:flex;flex-direction:column;position:relative}\n    .kd-dl-chip{position:absolute;top:12px;right:12px;display:inline-flex;align-items:center;gap:6px;font-size:12px;color:#555;background:#f4f5f6;border:1px solid #e5e6e7;border-radius:999px;padding:4px 10px}\n    .kd-dl-chip svg{width:12px;height:12px;display:block}\n    .kd-res-card img{width:100%;border-radius:20px;margin-bottom:12px}\n    .kd-res-title{font-size:20px;font-weight:600;margin:12px 0;line-height:1.3;overflow:hidden;display:-webkit-box;-webkit-line-clamp:2;-webkit-box-orient:vertical;max-height:2.6em}\n    .kd-res-desc{color:#666;font-size:15px;line-height:1.5;margin:0 0 16px 0;overflow:hidden;display:-webkit-box;-webkit-line-clamp:3;-webkit-box-orient:vertical;max-height:4.5em;flex-grow:1}\n    .kd-res-actions{display:flex;align-items:center;justify-content:space-between;margin-top:auto;gap:12px;flex-wrap:wrap}\n    .kd-resource-cta{display:inline-block;padding:10px 24px;border:1px solid #C9CACC;border-radius:100px;text-decoration:none;color:#111;transition:all .2s;white-space:nowrap}\n    .kd-resource-cta:hover{background:#f5f5f5}\n    .kd-read-more{color:#666;text-decoration:underline;cursor:pointer;font-size:14px;transition:color .2s}\n    .kd-read-more:hover{color:#111}\n    .kd-download-count{font-size:12px;color:#999;margin-top:8px}\n    .kd-resources-grid{display:grid;gap:24px;grid-template-columns:repeat(3,1fr)}\n    @media (max-width:768px){.kd-resources-grid{grid-template-columns:1fr!important}}\n    .kd-resource-cta {text-decoration:none!important}\n    .kdm-close {font-size:16px!important; display:block!important}\n\t.kdm-x {display:none!important}\n  <\/style>\n  <div class=\"kd-resources-grid\">\n      <article class=\"kd-res-card\">\n      <span class=\"kd-dl-chip\" title=\"0 lejupiel\u0101des\">\n        <svg viewBox=\"0 0 16 16\" aria-hidden=\"true\"><path d=\"M8 1.5a.75.75 0 0 1 .75.75v6.19l1.72-1.72a.75.75 0 1 1 1.06 1.06L8.53 10.78a.75.75 0 0 1-1.06 0L3.97 8.78A.75.75 0 1 1 5.03 7.72L6.75 9.44V2.25A.75.75 0 0 1 7.5 1.5h.5zM3 12.75c0 .966.784 1.75 1.75 1.75h6.5A1.75 1.75 0 0 0 13 12.75V12a.75.75 0 0 1 1.5 0v.75A3.25 3.25 0 0 1 11.25 16h-6.5A3.25 3.25 0 0 1 1.5 12.75V12A.75.75 0 0 1 3 12v.75z\" fill=\"currentColor\"\/><\/svg>\n        0      <\/span>\n              <img decoding=\"async\" src=\"https:\/\/wehes.com\/wp-content\/uploads\/2025\/11\/3-1-768x432.png\" alt=\"\ud83d\udcc4 PDF &#8211; K\u0101 s\u0101kt aukstos zvanus 2026 gad\u0101\">\n            <h3 class=\"kd-res-title\">\ud83d\udcc4 PDF &#8211; K\u0101 s\u0101kt aukstos zvanus 2026 gad\u0101<\/h3>\n      <p class=\"kd-res-desc\">Vai potenci\u0101lie klienti liek klausuli nost pirmaj\u0101s 10 sekund\u0113s? Vai nezini, ko teikt, lai cilv\u0113ki tie\u0161\u0101m grib\u0113tu uzklaus\u012bt?\r\n\u0160is praktiskais ce\u013cvedis dod tev gatavu 3 l\u012bme\u0146u sist\u0113mu aukstajiem zvaniem: konkr\u0113tu &quot;Probl\u0113mu un Risin\u0101jumu&quot; formul\u0113jumu 5 da\u017e\u0101d\u0101m nozar\u0113m, atbru\u0146o\u0161anas tehniku, kas liek klientiem teikt &quot;j\u0101, klausos&quot;, un prec\u012bzus jaut\u0101jumus, kas ved no sarunas s\u0101kuma l\u012bdz konkr\u0113tam tik\u0161an\u0101s laikam.\r\nLejupl\u0101d\u0113 tagad un s\u0101c veidot zvanus, kas p\u0101rv\u0113r\u0161as tik\u0161an\u0101s reiz\u0113s! \ud83d\udc47<\/p>      <div class=\"kd-res-actions\">\n        <a href=\"#\" class=\"kd-resource-cta\"\n           data-resource-id=\"2958\"\n           data-resource-title=\"\ud83d\udcc4 PDF &#8211; K\u0101 s\u0101kt aukstos zvanus 2026 gad\u0101\"\n           data-resource-link=\"https:\/\/wehes.com\/lv\/r\/ka-sakt-aukstos-zvanus-2026-gada\/\">\n           Ieg\u016bt piek\u013cuvi        <\/a>\n        <span class=\"kd-read-more\"\n              data-resource-id=\"2958\"\n              data-resource-title=\"\ud83d\udcc4 PDF &#8211; K\u0101 s\u0101kt aukstos zvanus 2026 gad\u0101\"\n              data-resource-desc=\"Vai potenci\u0101lie klienti liek klausuli nost pirmaj\u0101s 10 sekund\u0113s? Vai nezini, ko teikt, lai cilv\u0113ki tie\u0161\u0101m grib\u0113tu uzklaus\u012bt?\r\n\u0160is praktiskais ce\u013cvedis dod tev gatavu 3 l\u012bme\u0146u sist\u0113mu aukstajiem zvaniem: konkr\u0113tu &quot;Probl\u0113mu un Risin\u0101jumu&quot; formul\u0113jumu 5 da\u017e\u0101d\u0101m nozar\u0113m, atbru\u0146o\u0161anas tehniku, kas liek klientiem teikt &quot;j\u0101, klausos&quot;, un prec\u012bzus jaut\u0101jumus, kas ved no sarunas s\u0101kuma l\u012bdz konkr\u0113tam tik\u0161an\u0101s laikam.\r\nLejupl\u0101d\u0113 tagad un s\u0101c veidot zvanus, kas p\u0101rv\u0113r\u0161as tik\u0161an\u0101s reiz\u0113s! \ud83d\udc47\"\n              data-resource-img=\"https:\/\/wehes.com\/wp-content\/uploads\/2025\/11\/3-1-768x432.png\"\n              data-resource-link=\"https:\/\/wehes.com\/lv\/r\/ka-sakt-aukstos-zvanus-2026-gada\/\">\n          Uzzin\u0101t vair\u0101k        <\/span>\n      <\/div>\n      <div class=\"kd-download-count\">0 lejupiel\u0101des<\/div>\n    <\/article>\n      <article class=\"kd-res-card\">\n      <span class=\"kd-dl-chip\" title=\"0 lejupiel\u0101des\">\n        <svg viewBox=\"0 0 16 16\" aria-hidden=\"true\"><path d=\"M8 1.5a.75.75 0 0 1 .75.75v6.19l1.72-1.72a.75.75 0 1 1 1.06 1.06L8.53 10.78a.75.75 0 0 1-1.06 0L3.97 8.78A.75.75 0 1 1 5.03 7.72L6.75 9.44V2.25A.75.75 0 0 1 7.5 1.5h.5zM3 12.75c0 .966.784 1.75 1.75 1.75h6.5A1.75 1.75 0 0 0 13 12.75V12a.75.75 0 0 1 1.5 0v.75A3.25 3.25 0 0 1 11.25 16h-6.5A3.25 3.25 0 0 1 1.5 12.75V12A.75.75 0 0 1 3 12v.75z\" fill=\"currentColor\"\/><\/svg>\n        0      <\/span>\n              <img decoding=\"async\" src=\"https:\/\/wehes.com\/wp-content\/uploads\/2025\/11\/1-1-768x432.png\" alt=\"\ud83e\udd16 AI \u0122enerators &#8211; Aukst\u0101 zvana skripta s\u0101kuma veidot\u0101js\">\n            <h3 class=\"kd-res-title\">\ud83e\udd16 AI \u0122enerators &#8211; Aukst\u0101 zvana skripta s\u0101kuma veidot\u0101js<\/h3>\n      <p class=\"kd-res-desc\">\ud83d\udeab Apnicis, ka nezini k\u0101 s\u0101kt auksto zvanu?\r\n\ud83d\udeab Klienti uzreiz liek klausuli?\r\n\ud83d\udeab Nevari atrast pareizos v\u0101rdus?\r\n\r\n\u2705 \u0160is AI \u0123enerators uzreiz izveido tev:\r\n- Profesion\u0101lu aukst\u0101 zvana ievadu (probl\u0113ma + risin\u0101jums + jaut\u0101jumi)\r\n- 2-3 cold message variantus LinkedIn\/Instagram\r\n- Paskaidrojumu, k\u0101p\u0113c tas rezon\u0113 ar taviem klientiem\r\n\r\nAizpildi 4 vienk\u0101r\u0161us laukus \u2192 AI \u0123ener\u0113 tavu personaliz\u0113to ievadu 30 sekund\u0113s.\r\n\r\nBEZMAKSAS. Bez re\u0123istr\u0101cijas. Rezult\u0101ts uzreiz.<\/p>      <div class=\"kd-res-actions\">\n        <a href=\"#\" class=\"kd-resource-cta\"\n           data-resource-id=\"2956\"\n           data-resource-title=\"\ud83e\udd16 AI \u0122enerators &#8211; Aukst\u0101 zvana skripta s\u0101kuma veidot\u0101js\"\n           data-resource-link=\"https:\/\/wehes.com\/lv\/r\/auksta-zvana-skripta-sakuma-generators\/\">\n           Ieg\u016bt piek\u013cuvi        <\/a>\n        <span class=\"kd-read-more\"\n              data-resource-id=\"2956\"\n              data-resource-title=\"\ud83e\udd16 AI \u0122enerators &#8211; Aukst\u0101 zvana skripta s\u0101kuma veidot\u0101js\"\n              data-resource-desc=\"\ud83d\udeab Apnicis, ka nezini k\u0101 s\u0101kt auksto zvanu?\r\n\ud83d\udeab Klienti uzreiz liek klausuli?\r\n\ud83d\udeab Nevari atrast pareizos v\u0101rdus?\r\n\r\n\u2705 \u0160is AI \u0123enerators uzreiz izveido tev:\r\n- Profesion\u0101lu aukst\u0101 zvana ievadu (probl\u0113ma + risin\u0101jums + jaut\u0101jumi)\r\n- 2-3 cold message variantus LinkedIn\/Instagram\r\n- Paskaidrojumu, k\u0101p\u0113c tas rezon\u0113 ar taviem klientiem\r\n\r\nAizpildi 4 vienk\u0101r\u0161us laukus \u2192 AI \u0123ener\u0113 tavu personaliz\u0113to ievadu 30 sekund\u0113s.\r\n\r\nBEZMAKSAS. Bez re\u0123istr\u0101cijas. Rezult\u0101ts uzreiz.\"\n              data-resource-img=\"https:\/\/wehes.com\/wp-content\/uploads\/2025\/11\/1-1-768x432.png\"\n              data-resource-link=\"https:\/\/wehes.com\/lv\/r\/auksta-zvana-skripta-sakuma-generators\/\">\n          Uzzin\u0101t vair\u0101k        <\/span>\n      <\/div>\n      <div class=\"kd-download-count\">0 lejupiel\u0101des<\/div>\n    <\/article>\n      <article class=\"kd-res-card\">\n      <span class=\"kd-dl-chip\" title=\"2 lejupiel\u0101des\">\n        <svg viewBox=\"0 0 16 16\" aria-hidden=\"true\"><path d=\"M8 1.5a.75.75 0 0 1 .75.75v6.19l1.72-1.72a.75.75 0 1 1 1.06 1.06L8.53 10.78a.75.75 0 0 1-1.06 0L3.97 8.78A.75.75 0 1 1 5.03 7.72L6.75 9.44V2.25A.75.75 0 0 1 7.5 1.5h.5zM3 12.75c0 .966.784 1.75 1.75 1.75h6.5A1.75 1.75 0 0 0 13 12.75V12a.75.75 0 0 1 1.5 0v.75A3.25 3.25 0 0 1 11.25 16h-6.5A3.25 3.25 0 0 1 1.5 12.75V12A.75.75 0 0 1 3 12v.75z\" fill=\"currentColor\"\/><\/svg>\n        2      <\/span>\n              <img decoding=\"async\" src=\"https:\/\/wehes.com\/wp-content\/uploads\/2025\/11\/2-1-768x432.png\" alt=\"\u2705 Tests &#8211; K\u0101ds p\u0101rdev\u0113ja tips es esmu?\">\n            <h3 class=\"kd-res-title\">\u2705 Tests &#8211; K\u0101ds p\u0101rdev\u0113ja tips es esmu?<\/h3>\n      <p class=\"kd-res-desc\">Atkl\u0101j savu unik\u0101lo p\u0101rdo\u0161anas stilu! Bezmaksas 8 jaut\u0101jumu tests, kas pal\u012bdz\u0113s saprast tavas stipr\u0101s puses un k\u0101 maksimiz\u0113t p\u0101rdo\u0161anas rezult\u0101tus.<\/p>      <div class=\"kd-res-actions\">\n        <a href=\"#\" class=\"kd-resource-cta\"\n           data-resource-id=\"2950\"\n           data-resource-title=\"\u2705 Tests &#8211; K\u0101ds p\u0101rdev\u0113ja tips es esmu?\"\n           data-resource-link=\"https:\/\/wehes.com\/lv\/r\/kads-pardeveja-tips-tu-esi\/\">\n           Ieg\u016bt piek\u013cuvi        <\/a>\n        <span class=\"kd-read-more\"\n              data-resource-id=\"2950\"\n              data-resource-title=\"\u2705 Tests &#8211; K\u0101ds p\u0101rdev\u0113ja tips es esmu?\"\n              data-resource-desc=\"Atkl\u0101j savu unik\u0101lo p\u0101rdo\u0161anas stilu! Bezmaksas 8 jaut\u0101jumu tests, kas pal\u012bdz\u0113s saprast tavas stipr\u0101s puses un k\u0101 maksimiz\u0113t p\u0101rdo\u0161anas rezult\u0101tus.\"\n              data-resource-img=\"https:\/\/wehes.com\/wp-content\/uploads\/2025\/11\/2-1-768x432.png\"\n              data-resource-link=\"https:\/\/wehes.com\/lv\/r\/kads-pardeveja-tips-tu-esi\/\">\n          Uzzin\u0101t vair\u0101k        <\/span>\n      <\/div>\n      <div class=\"kd-download-count\">2 lejupiel\u0101des<\/div>\n    <\/article>\n      <article class=\"kd-res-card\">\n      <span class=\"kd-dl-chip\" title=\"2 lejupiel\u0101des\">\n        <svg viewBox=\"0 0 16 16\" aria-hidden=\"true\"><path d=\"M8 1.5a.75.75 0 0 1 .75.75v6.19l1.72-1.72a.75.75 0 1 1 1.06 1.06L8.53 10.78a.75.75 0 0 1-1.06 0L3.97 8.78A.75.75 0 1 1 5.03 7.72L6.75 9.44V2.25A.75.75 0 0 1 7.5 1.5h.5zM3 12.75c0 .966.784 1.75 1.75 1.75h6.5A1.75 1.75 0 0 0 13 12.75V12a.75.75 0 0 1 1.5 0v.75A3.25 3.25 0 0 1 11.25 16h-6.5A3.25 3.25 0 0 1 1.5 12.75V12A.75.75 0 0 1 3 12v.75z\" fill=\"currentColor\"\/><\/svg>\n        2      <\/span>\n              <img decoding=\"async\" src=\"https:\/\/wehes.com\/wp-content\/uploads\/2025\/11\/2-1-768x432.png\" alt=\"\u2705 Tests &#8211; Cik efekt\u012bvs p\u0101rdev\u0113js es esmu?\">\n            <h3 class=\"kd-res-title\">\u2705 Tests &#8211; Cik efekt\u012bvs p\u0101rdev\u0113js es esmu?<\/h3>\n      <p class=\"kd-res-desc\">Vai tu patie\u0161\u0101m zini, KAS tu esi k\u0101 p\u0101rdev\u0113js? Liel\u0101k\u0101 da\u013ca p\u0101rdev\u0113ju m\u0113\u0123ina b\u016bt k\u0101ds cits. Vi\u0146i kop\u0113 &quot;lab\u0101k\u0101s prakses&quot; un izmanto skriptus, kas str\u0101d\u0101 citiem. Paties\u012bba? Nav viena pareiz\u0101 veida, k\u0101 p\u0101rdot. Ir tavs veids. Un ja tu c\u012bnies pret savu dabisko stilu, tu zaud\u0113 dar\u012bjumus katru dienu. \u0160is 3 min\u016b\u0161u tests atkl\u0101s tavu unik\u0101lo p\u0101rdo\u0161anas DNA un par\u0101d\u012bs, k\u0101 piln\u012bb\u0101 izmantot tie\u0161i TAVUS dabiskos sp\u0113kus. Tu uzzin\u0101si ne tikai savu tipu, bet - v\u0113l svar\u012bg\u0101k - k\u0101p\u0113c da\u017ei p\u0101rdev\u0113ji ar t\u0101du pa\u0161u produktu g\u016bst divreiz lab\u0101kus rezult\u0101tus. 4 p\u0101rdev\u0113ju tipi. 8 jaut\u0101jumi. Atkl\u0101jums, kas var main\u012bt visu.\r\nTests nov\u0113rt\u0113 6 kritiskas p\u0101rdo\u0161anas jomas: kvalific\u0113\u0161anu, jaut\u0101jumu uzdo\u0161anu, akt\u012bvo klaus\u012b\u0161anos, iebildumu apstr\u0101di, follow-up sist\u0113mu un dar\u012bjumu sl\u0113g\u0161anu. P\u0113c testa tu sa\u0146emsi personaliz\u0113tu anal\u012bzi ar konkr\u0113tiem so\u013ciem, ko dar\u012bt t\u0101l\u0101k. Gatavs uzzin\u0101t paties\u012bbu par sav\u0101m prasm\u0113m?<\/p>      <div class=\"kd-res-actions\">\n        <a href=\"#\" class=\"kd-resource-cta\"\n           data-resource-id=\"2867\"\n           data-resource-title=\"\u2705 Tests &#8211; Cik efekt\u012bvs p\u0101rdev\u0113js es esmu?\"\n           data-resource-link=\"https:\/\/wehes.com\/lv\/r\/pardosanas-efektivitates-tests\/\">\n           Ieg\u016bt piek\u013cuvi        <\/a>\n        <span class=\"kd-read-more\"\n              data-resource-id=\"2867\"\n              data-resource-title=\"\u2705 Tests &#8211; Cik efekt\u012bvs p\u0101rdev\u0113js es esmu?\"\n              data-resource-desc=\"Vai tu patie\u0161\u0101m zini, KAS tu esi k\u0101 p\u0101rdev\u0113js? Liel\u0101k\u0101 da\u013ca p\u0101rdev\u0113ju m\u0113\u0123ina b\u016bt k\u0101ds cits. Vi\u0146i kop\u0113 &quot;lab\u0101k\u0101s prakses&quot; un izmanto skriptus, kas str\u0101d\u0101 citiem. Paties\u012bba? Nav viena pareiz\u0101 veida, k\u0101 p\u0101rdot. Ir tavs veids. Un ja tu c\u012bnies pret savu dabisko stilu, tu zaud\u0113 dar\u012bjumus katru dienu. \u0160is 3 min\u016b\u0161u tests atkl\u0101s tavu unik\u0101lo p\u0101rdo\u0161anas DNA un par\u0101d\u012bs, k\u0101 piln\u012bb\u0101 izmantot tie\u0161i TAVUS dabiskos sp\u0113kus. Tu uzzin\u0101si ne tikai savu tipu, bet - v\u0113l svar\u012bg\u0101k - k\u0101p\u0113c da\u017ei p\u0101rdev\u0113ji ar t\u0101du pa\u0161u produktu g\u016bst divreiz lab\u0101kus rezult\u0101tus. 4 p\u0101rdev\u0113ju tipi. 8 jaut\u0101jumi. Atkl\u0101jums, kas var main\u012bt visu.\r\nTests nov\u0113rt\u0113 6 kritiskas p\u0101rdo\u0161anas jomas: kvalific\u0113\u0161anu, jaut\u0101jumu uzdo\u0161anu, akt\u012bvo klaus\u012b\u0161anos, iebildumu apstr\u0101di, follow-up sist\u0113mu un dar\u012bjumu sl\u0113g\u0161anu. P\u0113c testa tu sa\u0146emsi personaliz\u0113tu anal\u012bzi ar konkr\u0113tiem so\u013ciem, ko dar\u012bt t\u0101l\u0101k. Gatavs uzzin\u0101t paties\u012bbu par sav\u0101m prasm\u0113m?\"\n              data-resource-img=\"https:\/\/wehes.com\/wp-content\/uploads\/2025\/11\/2-1-768x432.png\"\n              data-resource-link=\"https:\/\/wehes.com\/lv\/r\/pardosanas-efektivitates-tests\/\">\n          Uzzin\u0101t vair\u0101k        <\/span>\n      <\/div>\n      <div class=\"kd-download-count\">2 lejupiel\u0101des<\/div>\n    <\/article>\n  <\/div><\/div>\n\t\t\t\t\t\t<\/div>\n\t\t\t\t<\/div>\n\t\t\t\t<\/div>\n\t\t\t\t\t<\/div>\n\t\t\t\t<\/div>\n\t\t\t\t<\/div>\n\t\t","protected":false},"excerpt":{"rendered":"<p>Noder\u012bgi resursi S\u0101kums Resursi P\u0101rdo\u0161ana k\u013c\u016bst vienk\u0101r\u0161\u0101ka, ja ir pareizie r\u012bki. \u0160eit atrad\u012bsi praktiskus resursus un veidnes, kas pal\u012bdz sak\u0101rtot procesu un sasniegt rezult\u0101tus \u0101tr\u0101k. Gatavas veidnes, \u010deklisti un skripti, kurus izmantojam ikdien\u0101.<\/p>\n","protected":false},"author":1,"featured_media":0,"parent":0,"menu_order":0,"comment_status":"closed","ping_status":"closed","template":"","meta":{"_acf_changed":false,"_surecart_dashboard_logo_width":"180px","_surecart_dashboard_show_logo":true,"_surecart_dashboard_navigation_orders":true,"_surecart_dashboard_navigation_invoices":true,"_surecart_dashboard_navigation_subscriptions":true,"_surecart_dashboard_navigation_downloads":true,"_surecart_dashboard_navigation_billing":true,"_surecart_dashboard_navigation_account":true,"iawp_total_views":14,"footnotes":""},"class_list":["post-2827","page","type-page","status-publish","hentry"],"acf":[],"_links":{"self":[{"href":"https:\/\/wehes.com\/lv\/wp-json\/wp\/v2\/pages\/2827","targetHints":{"allow":["GET"]}}],"collection":[{"href":"https:\/\/wehes.com\/lv\/wp-json\/wp\/v2\/pages"}],"about":[{"href":"https:\/\/wehes.com\/lv\/wp-json\/wp\/v2\/types\/page"}],"author":[{"embeddable":true,"href":"https:\/\/wehes.com\/lv\/wp-json\/wp\/v2\/users\/1"}],"replies":[{"embeddable":true,"href":"https:\/\/wehes.com\/lv\/wp-json\/wp\/v2\/comments?post=2827"}],"version-history":[{"count":13,"href":"https:\/\/wehes.com\/lv\/wp-json\/wp\/v2\/pages\/2827\/revisions"}],"predecessor-version":[{"id":2938,"href":"https:\/\/wehes.com\/lv\/wp-json\/wp\/v2\/pages\/2827\/revisions\/2938"}],"wp:attachment":[{"href":"https:\/\/wehes.com\/lv\/wp-json\/wp\/v2\/media?parent=2827"}],"curies":[{"name":"wp","href":"https:\/\/api.w.org\/{rel}","templated":true}]}}